{"id":7140,"date":"2020-01-06T12:59:58","date_gmt":"2020-01-06T12:59:58","guid":{"rendered":"https:\/\/ardinart.com\/vision\/"},"modified":"2020-01-06T13:02:16","modified_gmt":"2020-01-06T13:02:16","slug":"vision","status":"publish","type":"page","link":"https:\/\/ardinart.com\/de\/vision\/","title":{"rendered":"Vision"},"content":{"rendered":"\n\n\t<section class=\"section\" id=\"section_459104543\">\n\t\t<div class=\"section-bg fill\" >\n\t\t\t<img loading=\"lazy\" decoding=\"async\" width=\"1350\" height=\"1013\" src=\"https:\/\/ardinart.com\/wp-content\/uploads\/2019\/10\/light.jpg\" class=\"bg attachment- size-\" alt=\"\" \/>\t\t\t\t\t\t\n\t\t\t\n\n\t\t<\/div>\n\n\t\t\n\n\t\t<div class=\"section-content relative\">\n\t\t\t\n\n\t<div id=\"gap-702992513\" class=\"gap-element clearfix\" style=\"display:block; height:auto;\">\n\t\t\n<style>\n#gap-702992513 {\n  padding-top: 100px;\n}\n<\/style>\n\t<\/div>\n\t\n\n<div class=\"row\"  id=\"row-1881112433\">\n\n\n\t<div id=\"col-1862394412\" class=\"col medium-8 small-12 large-6\"  >\n\t\t\t\t<div class=\"col-inner\"  >\n\t\t\t\n\t\t\t\n\n<h3><span style=\"color: #333333;\">Wir entwerfen, um einen Unterschied zu machen!<\/span><\/h3>\n<h2 style=\"font-size: 250%;\"><span style=\"color: #333333;\">Qualit\u00e4tsbewusstsein und Verantwortung f\u00fcr eine nachhaltige Welt<\/span><\/h2>\n<p><span style=\"color: #333333;\">Wir produzieren mit einem nat\u00fcrlichen Standpunkt!<\/span><\/p>\n<a href=\"#vision\" class=\"button primary reveal-icon\" style=\"border-radius:5px;\">\n\t\t<span>Unsere Vision<\/span>\n\t<i class=\"icon-angle-down\" aria-hidden=\"true\"><\/i><\/a>\n\n\n<a href=\"\/de\/uber-uns\" target=\"_blank\" class=\"button primary is-outline\" rel=\"noopener\" style=\"border-radius:5px;\">\n\t\t<span>\u00dcber Uns<\/span>\n\t<\/a>\n\n\n\n\t\t<\/div>\n\t\t\t\t\n<style>\n#col-1862394412 > .col-inner {\n  padding: 60px 0px 0px 0px;\n}\n<\/style>\n\t<\/div>\n\n\t\n\n\t<div id=\"col-59810160\" class=\"col medium-4 small-12 large-4\"  >\n\t\t\t\t<div class=\"col-inner\"  >\n\t\t\t\n\t\t\t\n\n\t<div class=\"img has-hover hide-for-medium x md-x lg-x y md-y lg-y\" id=\"image_2074552464\">\n\t\t\t\t\t\t\t\t<div class=\"img-inner dark\" >\n\t\t\t<img loading=\"lazy\" decoding=\"async\" width=\"800\" height=\"800\" src=\"https:\/\/ardinart.com\/wp-content\/uploads\/2019\/10\/parkett-akasya-1-detay-800x800.png\" class=\"attachment-large size-large\" alt=\"\" srcset=\"https:\/\/ardinart.com\/wp-content\/uploads\/2019\/10\/parkett-akasya-1-detay-800x800.png 800w, https:\/\/ardinart.com\/wp-content\/uploads\/2019\/10\/parkett-akasya-1-detay-280x280.png 280w, https:\/\/ardinart.com\/wp-content\/uploads\/2019\/10\/parkett-akasya-1-detay-400x400.png 400w, https:\/\/ardinart.com\/wp-content\/uploads\/2019\/10\/parkett-akasya-1-detay-768x768.png 768w, https:\/\/ardinart.com\/wp-content\/uploads\/2019\/10\/parkett-akasya-1-detay-300x300.png 300w, https:\/\/ardinart.com\/wp-content\/uploads\/2019\/10\/parkett-akasya-1-detay-600x600.png 600w, https:\/\/ardinart.com\/wp-content\/uploads\/2019\/10\/parkett-akasya-1-detay-100x100.png 100w, https:\/\/ardinart.com\/wp-content\/uploads\/2019\/10\/parkett-akasya-1-detay.png 900w\" sizes=\"auto, (max-width: 800px) 100vw, 800px\" \/>\t\t\t\t\t\t\n\t\t\t\t\t<\/div>\n\t\t\t\t\t\t\t\t\n<style>\n#image_2074552464 {\n  width: 100%;\n}\n<\/style>\n\t<\/div>\n\t\n\n\n\t\t<\/div>\n\t\t\t\t\t<\/div>\n\n\t\n\n<\/div>\n\n\t\t<\/div>\n\n\t\t\n<style>\n#section_459104543 {\n  padding-top: 0px;\n  padding-bottom: 0px;\n  min-height: 0px;\n  background-color: rgb(244, 244, 244);\n}\n#section_459104543 .section-bg img {\n  object-position: 35% 26%;\n}\n@media (min-width:550px) {\n  #section_459104543 {\n    padding-top: 80px;\n    padding-bottom: 80px;\n  }\n}\n<\/style>\n\t<\/section>\n\t\n<span class=\"scroll-to\" data-label=\"Scroll to: #vision\" data-bullet=\"false\" data-link=\"#vision\" data-title=\"vision\"><a name=\"vision\"><\/a><\/span>\n\n\n\t<section class=\"section\" id=\"section_856946698\">\n\t\t<div class=\"section-bg fill\" >\n\t\t\t\t\t\t\t\t\t\n\t\t\t\n\n\t\t<\/div>\n\n\t\t\n\n\t\t<div class=\"section-content relative\">\n\t\t\t\n\n<div class=\"row align-center\"  id=\"row-1234264224\">\n\n\n\t<div id=\"col-705600498\" class=\"col medium-7 small-12 large-7\"  >\n\t\t\t\t<div class=\"col-inner text-center\"  >\n\t\t\t\n\t\t\t\n\n<h2>Eine innovative Perspektive<\/h2>\n<p>Mit unserer Kultur und unserem innovativen Verst\u00e4ndnis produzieren wir originelle und kreative Produkte. Dank der langj\u00e4hrigen Erfahrung und unseres Fachwissens machen wir Fortschritte, indem wir versuchen in unserer Branche einen Unterschied zu machen, und wir arbeiten daran, jeden kommenden Arbeitstag effizienter zu nutzen als den vorherigen Tag.&nbsp;<\/p>\n\t<div id=\"gap-561066464\" class=\"gap-element clearfix\" style=\"display:block; height:auto;\">\n\t\t\n<style>\n#gap-561066464 {\n  padding-top: 30px;\n}\n<\/style>\n\t<\/div>\n\t\n\n\n\t\t<\/div>\n\t\t\t\t\t<\/div>\n\n\t\n\n<\/div>\n<div class=\"row row-large align-center\"  id=\"row-1979197170\">\n\n\n\t<div id=\"col-759115928\" class=\"col medium-6 small-12 large-6\"  >\n\t\t\t\t<div class=\"col-inner\"  >\n\t\t\t\n\t\t\t\n\n\n\t\t<div class=\"icon-box featured-box icon-sets icon-box-left text-left is-xlarge\"  style=\"margin:0px 0px 10px 0px;\">\n\t\t\t\t\t<div class=\"icon-box-img\" style=\"width: 97px\">\n\t\t\t\t<div class=\"icon\">\n\t\t\t\t\t<div class=\"icon-inner\" style=\"color:rgb(196, 147, 76);\">\n\t\t\t\t\t\t<?xml version=\"1.0\" encoding=\"utf-8\"?>\n<!-- Generator: Adobe Illustrator 23.0.4, SVG Export Plug-In . SVG Version: 6.00 Build 0)  -->\n<svg version=\"1.1\" id=\"katman_1\" xmlns=\"http:\/\/www.w3.org\/2000\/svg\" xmlns:xlink=\"http:\/\/www.w3.org\/1999\/xlink\" x=\"0px\" y=\"0px\"\n\t viewBox=\"0 0 64 80\" style=\"enable-background:new 0 0 64 80;\" xml:space=\"preserve\">\n<style type=\"text\/css\">\n\t.st0{fill:#D0A763;}\n<\/style>\n<path class=\"st0\" d=\"M59,2H5C3.3,2,2,3.3,2,5v44c0,1.7,1.3,3,3,3h24v-2H5c-0.6,0-1-0.4-1-1V5c0-0.6,0.4-1,1-1h54c0.6,0,1,0.4,1,1v44\n\tc0,0.6-0.4,1-1,1h-4v2h4c1.7,0,3-1.3,3-3V5C62,3.3,60.7,2,59,2z\"\/>\n<path class=\"st0\" d=\"M31,25c0,0.6,0.4,1,1,1h11v3c0,0.6,0.4,1,1,1h12c0.6,0,1-0.4,1-1v-4c0-0.6-0.4-1-1-1h-7v-3c0-0.6-0.4-1-1-1h-9\n\tv-3c0-0.6-0.4-1-1-1H21v-3c0-0.6-0.4-1-1-1H8c-0.6,0-1,0.4-1,1v4c0,0.6,0.4,1,1,1h7v3c0,0.6,0.4,1,1,1h15V25z M55,26v2H45v-2H55z\n\t M47,22v2H33v-2H47z M9,16v-2h10v2H9z M17,20v-2h20v2H17z\"\/>\n<rect x=\"27\" y=\"46\" class=\"st0\" width=\"2\" height=\"2\"\/>\n<rect x=\"23\" y=\"46\" class=\"st0\" width=\"2\" height=\"2\"\/>\n<rect x=\"19\" y=\"46\" class=\"st0\" width=\"2\" height=\"2\"\/>\n<rect x=\"15\" y=\"46\" class=\"st0\" width=\"2\" height=\"2\"\/>\n<rect x=\"11\" y=\"46\" class=\"st0\" width=\"2\" height=\"2\"\/>\n<rect x=\"7\" y=\"46\" class=\"st0\" width=\"2\" height=\"2\"\/>\n<rect x=\"55\" y=\"46\" class=\"st0\" width=\"2\" height=\"2\"\/>\n<rect x=\"7\" y=\"20\" class=\"st0\" width=\"2\" height=\"24\"\/>\n<rect x=\"19\" y=\"24\" class=\"st0\" width=\"2\" height=\"20\"\/>\n<rect x=\"15\" y=\"24\" class=\"st0\" width=\"2\" height=\"20\"\/>\n<rect x=\"55\" y=\"32\" class=\"st0\" width=\"2\" height=\"12\"\/>\n<rect x=\"49\" y=\"6\" class=\"st0\" width=\"8\" height=\"2\"\/>\n<rect x=\"7\" y=\"6\" class=\"st0\" width=\"2\" height=\"2\"\/>\n<rect x=\"11\" y=\"6\" class=\"st0\" width=\"2\" height=\"2\"\/>\n<rect x=\"15\" y=\"6\" class=\"st0\" width=\"2\" height=\"2\"\/>\n<rect x=\"49\" y=\"10\" class=\"st0\" width=\"8\" height=\"2\"\/>\n<path class=\"st0\" d=\"M35.5,62h2.4L33,54.7V44.2c1.2,0.4,2,1.6,2,2.8v4c0,0.6,0.4,1,1,1s1-0.4,1-1V32c0-0.6,0.4-1,1-1\n\tc0.1,0,0.1,0,0.2,0c0.5,0.1,0.8,0.6,0.8,1.1V44c0,0.6,0.4,1,1,1s1-0.4,1-1s0.4-1,1-1s1,0.4,1,1s0.4,1,1,1s1-0.4,1-1s0.4-1,1-1\n\ts1,0.4,1,1s0.4,1,1,1s1-0.4,1-1s0.4-1,1-1c0.1,0,0.1,0,0.2,0c0.5,0.1,0.8,0.6,0.8,1.1V62h2V44.1c0-1.5-1-2.8-2.5-3.1\n\tc-0.5-0.1-1,0-1.5,0.1V32h-2v9.2c-0.6-0.2-1.4-0.2-2,0V32h-2v9.2c-0.6-0.2-1.3-0.3-2,0v-9.1c0-1.5-1-2.8-2.5-3.1\n\tc-1.6-0.3-3.2,0.8-3.5,2.5c0,0.2,0,0.3,0,0.5v11c-0.6-0.4-1.3-0.7-2-0.9V28h-2v27c0,0.2,0.1,0.4,0.2,0.6L35.5,62z\"\/>\n<\/svg>\n\t\t\t\t\t<\/div>\n\t\t\t\t<\/div>\n\t\t\t<\/div>\n\t\t\t\t<div class=\"icon-box-text last-reset\">\n\t\t\t\t\t\t\t\t\t\n\n<h4>Planung<\/h4>\n\n\t\t<\/div>\n\t<\/div>\n\t\n\t\n<p><span style=\"font-size: 100%;\">ARDINART ist als Mitglied der Zertifizierungssysteme FSC und PEFC, sowie Coc-Waldschutz- und \u00dcberwachungskette in der Lage, alle Arten von Materialien, die in der Produktion des geplanten Projekts verwendet werden sollen zu planen und verpflichtet sich, diese mit nat\u00fcrlichen Prozessen ohne Beeintr\u00e4chtigung der Natur durchzuf\u00fchren.<\/span><\/p><\/p>\n\n\t\t<\/div>\n\t\t\t\t\t<\/div>\n\n\t\n\n\t<div id=\"col-1539150511\" class=\"col medium-6 small-12 large-6\"  >\n\t\t\t\t<div class=\"col-inner\"  >\n\t\t\t\n\t\t\t\n\n\n\t\t<div class=\"icon-box featured-box icon-sets icon-box-left text-left is-xlarge\"  style=\"margin:0px 0px 10px 0px;\">\n\t\t\t\t\t<div class=\"icon-box-img\" style=\"width: 97px\">\n\t\t\t\t<div class=\"icon\">\n\t\t\t\t\t<div class=\"icon-inner\" style=\"color:rgb(196, 147, 76);\">\n\t\t\t\t\t\t<?xml version=\"1.0\" encoding=\"utf-8\"?>\n<!-- Generator: Adobe Illustrator 23.0.4, SVG Export Plug-In . SVG Version: 6.00 Build 0)  -->\n<svg version=\"1.1\" id=\"katman_1\" xmlns=\"http:\/\/www.w3.org\/2000\/svg\" xmlns:xlink=\"http:\/\/www.w3.org\/1999\/xlink\" x=\"0px\" y=\"0px\"\n\t viewBox=\"0 0 64 80\" style=\"enable-background:new 0 0 64 80;\" xml:space=\"preserve\">\n<style type=\"text\/css\">\n\t.st0{fill:#D0A763;}\n<\/style>\n<g>\n\t<path class=\"st0\" d=\"M63,39h-3.6L53,13.8c0-1.7-0.8-3.2-2-4.3V1h-8v8.5c-1.2,1.1-1.9,2.6-2,4.3L40.5,16H14.9c-0.5-3.4-3.4-6-6.9-6\n\t\tc-3.9,0-7,3.1-7,7v32c0,3.9,3.1,7,7,7h23.1c0.4,1.4,1.5,2.5,2.9,2.9V63h2v-4.1c1.7-0.4,3-2,3-3.9v-0.9L42.4,41H44v4h6v-4h1.6\n\t\tL55,54.1V55c0,1.9,1.3,3.4,3,3.9V63h2v-4.1c1.7-0.4,3-2,3-3.9v-2.1L60,41h3V39z M45,3h4v5.4C48.4,8.1,47.7,8,47,8s-1.4,0.1-2,0.4V3\n\t\tz M47,10c2.2,0,4,1.8,4,4s-1.8,4-4,4s-4-1.8-4-4S44.8,10,47,10z M3,17c0-2.8,2.2-5,5-5s5,2.2,5,5v27.1c-1.3-1.3-3-2.1-5-2.1\n\t\ts-3.7,0.8-5,2.1V17z M3,49c0-2.8,2.2-5,5-5s5,2.2,5,5s-2.2,5-5,5S3,51.8,3,49z M15,49V18h24.9L38,25.4l-5-2.5l-15.5,8.2l0.9,1.8\n\t\tl1.5-0.8V52h11.2L31,52.8V54H12.9C14.2,52.7,15,51,15,49z M36.9,30h-13l9.1-4.9l4.5,2.3L36.9,30z M31.7,50H22V32h14.4l-1.8,7H31v2\n\t\th3L31.7,50z M37,53.8V55c0,1.1-0.9,2-2,2s-2-0.9-2-2v-1.9l9.1-35.6c0.9,1.2,2.1,2.1,3.6,2.4L37,53.8z M48,43h-2v-6h2V43z M50,39v-4\n\t\th-6v4h-1.1L47,23l4.1,16H50z M61,55c0,1.1-0.9,2-2,2s-2-0.9-2-2v-1.1l-8.7-34c1.5-0.3,2.8-1.2,3.6-2.4L61,53.1V55z\"\/>\n\t<rect x=\"5\" y=\"38\" class=\"st0\" width=\"2\" height=\"2\"\/>\n\t<rect x=\"5\" y=\"21\" class=\"st0\" width=\"2\" height=\"15\"\/>\n<\/g>\n<\/svg>\n\t\t\t\t\t<\/div>\n\t\t\t\t<\/div>\n\t\t\t<\/div>\n\t\t\t\t<div class=\"icon-box-text last-reset\">\n\t\t\t\t\t\t\t\t\t\n\n<h4>Design<\/h4>\n\n\t\t<\/div>\n\t<\/div>\n\t\n\t\n<p>Die Designarbeiten, die darauf abzielen, den R\u00e4umen architektonischen und dekorativen Wert zu verleihen, werden in einem originellen und kreativen Rahmen durchgef\u00fchrt. ARD<span style=\"font-size: 85%;\">IN<\/span>ART, entwickelt eine breite Palette von Produkten von klassisch bis modern, gestaltet alle seine Produkte als integrales Gestaltungselement in Bezug auf Benutzerfreundlichkeit und Ergonomie sowie perspektivische und visuelle Kompatibilit\u00e4t.<\/p>\n\n\t\t<\/div>\n\t\t\t\t\t<\/div>\n\n\t\n\n\t<div id=\"col-1782692936\" class=\"col medium-6 small-12 large-6\"  >\n\t\t\t\t<div class=\"col-inner\"  >\n\t\t\t\n\t\t\t\n\n\n\t\t<div class=\"icon-box featured-box icon-sets icon-box-left text-left is-xlarge\"  >\n\t\t\t\t\t<div class=\"icon-box-img\" style=\"width: 97px\">\n\t\t\t\t<div class=\"icon\">\n\t\t\t\t\t<div class=\"icon-inner\" style=\"color:rgb(196, 147, 76);\">\n\t\t\t\t\t\t<?xml version=\"1.0\" encoding=\"utf-8\"?>\n<!-- Generator: Adobe Illustrator 23.0.4, SVG Export Plug-In . SVG Version: 6.00 Build 0)  -->\n<svg version=\"1.1\" id=\"katman_1\" xmlns=\"http:\/\/www.w3.org\/2000\/svg\" xmlns:xlink=\"http:\/\/www.w3.org\/1999\/xlink\" x=\"0px\" y=\"0px\"\n\t viewBox=\"0 0 64 80\" style=\"enable-background:new 0 0 64 80;\" xml:space=\"preserve\">\n<style type=\"text\/css\">\n\t.st0{fill:#D0A763;}\n<\/style>\n<g>\n\t<path class=\"st0\" d=\"M2,62h60V2H2V62z M60,52h-5V18.3l5-4.9V52z M48,42v10h-5V30h0l10-9.8V52h-3V42H48z M35.9,34.2\n\t\tc-0.5-1.6-2.1-2.5-3.7-2s-2.5,2.1-2,3.7c0.3,1,1,1.7,2,2L17.6,52H5.5l32.5-30.4c0.3,1.6,1.9,2.7,3.6,2.3c1.6-0.3,2.7-1.9,2.3-3.6\n\t\tc-0.2-1.1-1-2-2.1-2.3l6.6-6.1h10.1L35.9,34.2z M34,44v8H20.5L41,31.9V52h-5v-8H34z M32,35c0-0.6,0.4-1,1-1s1,0.4,1,1s-0.4,1-1,1\n\t\tS32,35.6,32,35z M26,30.2V12h7v11.6L26,30.2z M35,21.8V12h10.5L35,21.8z M42,21c0,0.6-0.4,1-1,1s-1-0.4-1-1s0.4-1,1-1\n\t\tS42,20.4,42,21z M4,8h15V6H4V4h56v6H4V8z M4,12h5v19h2V12h6v10h2V12h5v20l-7,6.5V30h-2v10.4L4,50.7V12z M4,54h56v6H4V54z\"\/>\n\t<rect x=\"56\" y=\"56\" class=\"st0\" width=\"2\" height=\"2\"\/>\n\t<rect x=\"41\" y=\"56\" class=\"st0\" width=\"13\" height=\"2\"\/>\n\t<rect x=\"27\" y=\"56\" class=\"st0\" width=\"2\" height=\"2\"\/>\n\t<rect x=\"6\" y=\"56\" class=\"st0\" width=\"2\" height=\"2\"\/>\n\t<rect x=\"21\" y=\"6\" class=\"st0\" width=\"2\" height=\"2\"\/>\n\t<rect x=\"29\" y=\"6\" class=\"st0\" width=\"12\" height=\"2\"\/>\n\t<rect x=\"44\" y=\"6\" class=\"st0\" width=\"2\" height=\"2\"\/>\n\t<rect x=\"46\" y=\"33\" class=\"st0\" width=\"2\" height=\"4\"\/>\n\t<rect x=\"8\" y=\"37\" class=\"st0\" width=\"2\" height=\"4\"\/>\n\t<path class=\"st0\" d=\"M54,7c0,1.7,1.3,3,3,3s3-1.3,3-3s-1.3-3-3-3S54,5.3,54,7z M57,6c0.6,0,1,0.4,1,1s-0.4,1-1,1s-1-0.4-1-1\n\t\tS56.4,6,57,6z\"\/>\n\t<path class=\"st0\" d=\"M11,57c0,1.7,1.3,3,3,3s3-1.3,3-3s-1.3-3-3-3S11,55.3,11,57z M14,56c0.6,0,1,0.4,1,1s-0.4,1-1,1s-1-0.4-1-1\n\t\tS13.4,56,14,56z\"\/>\n\t<path class=\"st0\" d=\"M18,42c-1.7,0-3,1.3-3,3s1.3,3,3,3s3-1.3,3-3S19.7,42,18,42z M18,46c-0.6,0-1-0.4-1-1s0.4-1,1-1s1,0.4,1,1\n\t\tS18.6,46,18,46z\"\/>\n<\/g>\n<\/svg>\n\t\t\t\t\t<\/div>\n\t\t\t\t<\/div>\n\t\t\t<\/div>\n\t\t\t\t<div class=\"icon-box-text last-reset\">\n\t\t\t\t\t\t\t\t\t\n\n<h4>Produktion<\/h4>\n\n\t\t<\/div>\n\t<\/div>\n\t\n\t\n<p>Mit unseren Werkst\u00e4tten, die sich an die heutigen technologischen Entwicklungen anpassen, und unserem hochrangigen Produktionsteam, das st\u00e4ndig theoretisch und praktisch geschult wird, haben wir die Produktion nach einem rationalen, nachhaltigen und &#8218;Sicherheit kommt an erster Stelle&#8216;-Modell aufgebaut.<\/p>\n\n\t\t<\/div>\n\t\t\t\t\t<\/div>\n\n\t\n\n\t<div id=\"col-1547654538\" class=\"col medium-6 small-12 large-6\"  >\n\t\t\t\t<div class=\"col-inner\"  >\n\t\t\t\n\t\t\t\n\n\n\t\t<div class=\"icon-box featured-box icon-sets icon-box-left text-left is-xlarge\"  >\n\t\t\t\t\t<div class=\"icon-box-img\" style=\"width: 97px\">\n\t\t\t\t<div class=\"icon\">\n\t\t\t\t\t<div class=\"icon-inner\" style=\"color:rgb(196, 147, 76);\">\n\t\t\t\t\t\t<?xml version=\"1.0\" encoding=\"utf-8\"?>\n<!-- Generator: Adobe Illustrator 23.0.4, SVG Export Plug-In . SVG Version: 6.00 Build 0)  -->\n<svg version=\"1.1\" id=\"katman_1\" xmlns=\"http:\/\/www.w3.org\/2000\/svg\" xmlns:xlink=\"http:\/\/www.w3.org\/1999\/xlink\" x=\"0px\" y=\"0px\"\n\t viewBox=\"0 0 100 125\" style=\"enable-background:new 0 0 100 125;\" xml:space=\"preserve\">\n<style type=\"text\/css\">\n\t.st0{fill:#D0A763;}\n<\/style>\n<g>\n\t<path class=\"st0\" d=\"M15.6,64.4c-8.4,0-15.1,6.8-15.1,15.1c0,8.4,6.8,15.1,15.1,15.1c8.4,0,15.1-6.8,15.1-15.1\n\t\tC30.7,71.2,23.9,64.4,15.6,64.4z M15.6,87.8c-4.6,0-8.3-3.7-8.3-8.3s3.7-8.3,8.3-8.3c4.6,0,8.3,3.7,8.3,8.3S20.1,87.8,15.6,87.8z\"\n\t\t\/>\n\t<path class=\"st0\" d=\"M50,64.4c-8.4,0-15.1,6.8-15.1,15.1c0,8.4,6.8,15.1,15.1,15.1c8.4,0,15.1-6.8,15.1-15.1\n\t\tC65.1,71.2,58.4,64.4,50,64.4z M50,87.8c-4.6,0-8.3-3.7-8.3-8.3s3.7-8.3,8.3-8.3c4.6,0,8.3,3.7,8.3,8.3S54.6,87.8,50,87.8z\"\/>\n\t<path class=\"st0\" d=\"M84.4,64.4c-8.4,0-15.1,6.8-15.1,15.1c0,8.4,6.8,15.1,15.1,15.1c8.4,0,15.1-6.8,15.1-15.1\n\t\tC99.6,71.2,92.8,64.4,84.4,64.4z M84.4,87.8c-4.6,0-8.3-3.7-8.3-8.3s3.7-8.3,8.3-8.3s8.3,3.7,8.3,8.3S89,87.8,84.4,87.8z\"\/>\n\t<path class=\"st0\" d=\"M32.8,34.9c-8.4,0-15.1,6.8-15.1,15.1c0,8.4,6.8,15.1,15.1,15.1S47.9,58.4,47.9,50\n\t\tC47.9,41.6,41.1,34.9,32.8,34.9z M32.8,58.3c-4.6,0-8.3-3.7-8.3-8.3s3.7-8.3,8.3-8.3s8.3,3.7,8.3,8.3S37.3,58.3,32.8,58.3z\"\/>\n\t<path class=\"st0\" d=\"M67.2,34.9c-8.4,0-15.1,6.8-15.1,15.1c0,8.4,6.8,15.1,15.1,15.1c8.4,0,15.1-6.8,15.1-15.1S75.6,34.9,67.2,34.9\n\t\tz M67.2,58.3c-4.6,0-8.3-3.7-8.3-8.3s3.7-8.3,8.3-8.3s8.3,3.7,8.3,8.3S71.8,58.3,67.2,58.3z\"\/>\n\t<path class=\"st0\" d=\"M50,5.4c-8.4,0-15.1,6.8-15.1,15.1S41.6,35.6,50,35.6c8.4,0,15.1-6.8,15.1-15.1S58.4,5.4,50,5.4z M50,28.8\n\t\tc-4.6,0-8.3-3.7-8.3-8.3s3.7-8.3,8.3-8.3c4.6,0,8.3,3.7,8.3,8.3S54.6,28.8,50,28.8z\"\/>\n<\/g>\n<\/svg>\n\t\t\t\t\t<\/div>\n\t\t\t\t<\/div>\n\t\t\t<\/div>\n\t\t\t\t<div class=\"icon-box-text last-reset\">\n\t\t\t\t\t\t\t\t\t\n\n<h4>Anwendung<\/h4>\n\n\t\t<\/div>\n\t<\/div>\n\t\n\t\n<p>F\u00fcr alle Produkte, die wir als ARD<span style=\"font-size: 85%;\">IN<\/span>ART produzieren, durchlaufen unsere Erzeugnisse eine Qualit\u00e4ts- und Kontrolluntersuchung nach der Herstellung, indem sie gem\u00e4\u00df den Verfahren in Praxis umgesetzt werden, um die in der Produktion auftretenden Risiken gem\u00e4\u00df den Normen zu eliminieren und zu kontrollieren.<\/p>\n\n\t\t<\/div>\n\t\t\t\t\t<\/div>\n\n\t\n\n<\/div>\n\n\t\t<\/div>\n\n\t\t\n<style>\n#section_856946698 {\n  padding-top: 80px;\n  padding-bottom: 80px;\n}\n<\/style>\n\t<\/section>\n\t\n\n\t<section class=\"section\" id=\"section_2091111031\">\n\t\t<div class=\"section-bg fill\" >\n\t\t\t\t\t\t\t\t\t\n\t\t\t\n\n\t\t<\/div>\n\n\t\t\n\n\t\t<div class=\"section-content relative\">\n\t\t\t\n\n\n  <div class=\"banner has-hover\" id=\"banner-596351712\">\n          <div class=\"banner-inner fill\">\n        <div class=\"banner-bg fill\" >\n            <img loading=\"lazy\" decoding=\"async\" width=\"1020\" height=\"574\" src=\"https:\/\/ardinart.com\/wp-content\/uploads\/2019\/10\/18.MP4_000002680_-1400x788.jpg\" class=\"bg attachment-large size-large\" alt=\"\" \/>                        <div class=\"overlay\"><\/div>            \n                    <\/div>\n\t\t\n        <div class=\"banner-layers container\">\n            <div class=\"fill banner-link\"><\/div>            \n\n   <div id=\"text-box-117394654\" class=\"text-box banner-layer x5 md-x0 lg-x0 y50 md-y50 lg-y50 res-text\">\n                                <div class=\"text-box-content text dark\">\n              \n              <div class=\"text-inner text-left\">\n                  \n\n<h2>Qualit\u00e4t und Originalit\u00e4t<\/h2>\n<p>Bitte kontaktieren Sie uns f\u00fcr n\u00e4here Informationen zu unseren Produkten und allen Produktionsprozessen.<\/p>\n<a href=\"#popup-personal-contact\" class=\"button primary reveal-icon popup-personal-contact\" style=\"border-radius:5px;\">\n\t\t<span>Kommunikation<\/span>\n\t<i class=\"icon-phone\" aria-hidden=\"true\"><\/i><\/a>\n\n\n\n              <\/div>\n           <\/div>\n                            \n<style>\n#text-box-117394654 {\n  width: 90%;\n}\n#text-box-117394654 .text-box-content {\n  font-size: 119%;\n}\n@media (min-width:550px) {\n  #text-box-117394654 {\n    width: 54%;\n  }\n  #text-box-117394654 .text-box-content {\n    font-size: 100%;\n  }\n}\n<\/style>\n    <\/div>\n \n\n        <\/div>\n      <\/div>\n\n            \n<style>\n#banner-596351712 {\n  padding-top: 402px;\n}\n#banner-596351712 .overlay {\n  background-color: rgba(38, 30, 157, 0.6);\n}\n#banner-596351712 .banner-bg img {\n  object-position: 47% 81%;\n}\n<\/style>\n  <\/div>\n\n\n\t<div id=\"gap-1099863895\" class=\"gap-element clearfix\" style=\"display:block; height:auto;\">\n\t\t\n<style>\n#gap-1099863895 {\n  padding-top: 15px;\n}\n<\/style>\n\t<\/div>\n\t\n\n\n\t\t<\/div>\n\n\t\t\n<style>\n#section_2091111031 {\n  padding-top: 0px;\n  padding-bottom: 0px;\n}\n<\/style>\n\t<\/section>\n\t\n\n\t<section class=\"section\" id=\"section_490269917\">\n\t\t<div class=\"section-bg fill\" >\n\t\t\t\t\t\t\t\t\t\n\t\t\t\n\n\t\t<\/div>\n\n\t\t\n\n\t\t<div class=\"section-content relative\">\n\t\t\t\n\n<div class=\"row align-center\"  id=\"row-1532329567\">\n\n\n\t<div id=\"col-872252552\" class=\"col medium-6 small-12 large-6\"  >\n\t\t\t\t<div class=\"col-inner text-center dark\"  >\n\t\t\t\n\t\t\t\n\n\t<div id=\"gap-124582084\" class=\"gap-element clearfix\" style=\"display:block; height:auto;\">\n\t\t\n<style>\n#gap-124582084 {\n  padding-top: 22px;\n}\n<\/style>\n\t<\/div>\n\t\n\n<h1 class=\"uppercase\" style=\"text-align: center;\" data-opacity=\"0.6\"><span style=\"color: #000000; font-size: 110%;\">Zertifikate<\/span><\/h1>\n\n\t\t<\/div>\n\t\t\t\t\n<style>\n#col-872252552 > .col-inner {\n  padding: 0px 0px 0px 0px;\n  margin: 0px 0px -15px 0px;\n}\n<\/style>\n\t<\/div>\n\n\t\n\n<\/div>\n\t<div id=\"gap-73761825\" class=\"gap-element clearfix\" style=\"display:block; height:auto;\">\n\t\t\n<style>\n#gap-73761825 {\n  padding-top: 15px;\n}\n<\/style>\n\t<\/div>\n\t\n\n<div class=\"row align-center\"  id=\"row-996332989\">\n\n\n\t<div id=\"col-496758049\" class=\"col small-12 large-12\"  >\n\t\t\t\t<div class=\"col-inner text-center\"  >\n\t\t\t\n\t\t\t\n\n<div class=\"row\"  id=\"row-707081716\">\n\n\n\t<div id=\"col-37609525\" class=\"col medium-4 small-12 large-4\"  >\n\t\t\t\t<div class=\"col-inner\"  >\n\t\t\t\n\t\t\t\n\n\t<div class=\"img has-hover x md-x lg-x y md-y lg-y\" id=\"image_1327275204\">\n\t\t<a class=\"image-lightbox lightbox-gallery\" title=\"\" href=\"https:\/\/ardinart.com\/wp-content\/uploads\/2019\/10\/Sertifika_3.png\">\t\t\t\t\t\t<div class=\"img-inner box-shadow-4 box-shadow-2-hover dark\" >\n\t\t\t<img loading=\"lazy\" decoding=\"async\" width=\"565\" height=\"800\" src=\"https:\/\/ardinart.com\/wp-content\/uploads\/2019\/10\/Sertifika_3-565x800.png\" class=\"attachment-large size-large\" alt=\"\" srcset=\"https:\/\/ardinart.com\/wp-content\/uploads\/2019\/10\/Sertifika_3-565x800.png 565w, https:\/\/ardinart.com\/wp-content\/uploads\/2019\/10\/Sertifika_3-283x400.png 283w, https:\/\/ardinart.com\/wp-content\/uploads\/2019\/10\/Sertifika_3-768x1087.png 768w, https:\/\/ardinart.com\/wp-content\/uploads\/2019\/10\/Sertifika_3-600x849.png 600w, https:\/\/ardinart.com\/wp-content\/uploads\/2019\/10\/Sertifika_3.png 826w\" sizes=\"auto, (max-width: 565px) 100vw, 565px\" \/>\t\t\t\t\t\t\n\t\t\t\t\t<\/div>\n\t\t\t\t\t\t<\/a>\t\t\n<style>\n#image_1327275204 {\n  width: 100%;\n}\n<\/style>\n\t<\/div>\n\t\n\n\n\t\t<\/div>\n\t\t\t\t\t<\/div>\n\n\t\n\n\t<div id=\"col-425795456\" class=\"col medium-4 small-12 large-4\"  >\n\t\t\t\t<div class=\"col-inner\"  >\n\t\t\t\n\t\t\t\n\n\t<div class=\"img has-hover x md-x lg-x y md-y lg-y\" id=\"image_28953791\">\n\t\t<a class=\"image-lightbox lightbox-gallery\" title=\"\" href=\"https:\/\/ardinart.com\/wp-content\/uploads\/2019\/10\/Sertifika_2.png\">\t\t\t\t\t\t<div class=\"img-inner box-shadow-4 box-shadow-2-hover dark\" >\n\t\t\t<img loading=\"lazy\" decoding=\"async\" width=\"565\" height=\"800\" src=\"https:\/\/ardinart.com\/wp-content\/uploads\/2019\/10\/Sertifika_2-565x800.png\" class=\"attachment-large size-large\" alt=\"\" srcset=\"https:\/\/ardinart.com\/wp-content\/uploads\/2019\/10\/Sertifika_2-565x800.png 565w, https:\/\/ardinart.com\/wp-content\/uploads\/2019\/10\/Sertifika_2-283x400.png 283w, https:\/\/ardinart.com\/wp-content\/uploads\/2019\/10\/Sertifika_2-768x1087.png 768w, https:\/\/ardinart.com\/wp-content\/uploads\/2019\/10\/Sertifika_2-600x849.png 600w, https:\/\/ardinart.com\/wp-content\/uploads\/2019\/10\/Sertifika_2.png 826w\" sizes=\"auto, (max-width: 565px) 100vw, 565px\" \/>\t\t\t\t\t\t\n\t\t\t\t\t<\/div>\n\t\t\t\t\t\t<\/a>\t\t\n<style>\n#image_28953791 {\n  width: 100%;\n}\n<\/style>\n\t<\/div>\n\t\n\n\n\t\t<\/div>\n\t\t\t\t\t<\/div>\n\n\t\n\n\t<div id=\"col-1500307636\" class=\"col medium-4 small-12 large-4\"  >\n\t\t\t\t<div class=\"col-inner\"  >\n\t\t\t\n\t\t\t\n\n\t<div class=\"img has-hover x md-x lg-x y md-y lg-y\" id=\"image_1872475673\">\n\t\t<a class=\"image-lightbox lightbox-gallery\" title=\"\" href=\"https:\/\/ardinart.com\/wp-content\/uploads\/2019\/10\/Sertifika_1.png\">\t\t\t\t\t\t<div class=\"img-inner box-shadow-4 box-shadow-2-hover dark\" >\n\t\t\t<img loading=\"lazy\" decoding=\"async\" width=\"565\" height=\"800\" src=\"https:\/\/ardinart.com\/wp-content\/uploads\/2019\/10\/Sertifika_1-565x800.png\" class=\"attachment-large size-large\" alt=\"\" srcset=\"https:\/\/ardinart.com\/wp-content\/uploads\/2019\/10\/Sertifika_1-565x800.png 565w, https:\/\/ardinart.com\/wp-content\/uploads\/2019\/10\/Sertifika_1-283x400.png 283w, https:\/\/ardinart.com\/wp-content\/uploads\/2019\/10\/Sertifika_1-768x1087.png 768w, https:\/\/ardinart.com\/wp-content\/uploads\/2019\/10\/Sertifika_1-600x849.png 600w, https:\/\/ardinart.com\/wp-content\/uploads\/2019\/10\/Sertifika_1.png 826w\" sizes=\"auto, (max-width: 565px) 100vw, 565px\" \/>\t\t\t\t\t\t\n\t\t\t\t\t<\/div>\n\t\t\t\t\t\t<\/a>\t\t\n<style>\n#image_1872475673 {\n  width: 100%;\n}\n<\/style>\n\t<\/div>\n\t\n\n\n\t\t<\/div>\n\t\t\t\t\t<\/div>\n\n\t\n\n<\/div>\n\n\t\t<\/div>\n\t\t\t\t\t<\/div>\n\n\t\n\n<\/div>\n\n\t\t<\/div>\n\n\t\t\n<style>\n#section_490269917 {\n  padding-top: 0px;\n  padding-bottom: 0px;\n}\n<\/style>\n\t<\/section>\n\t\n\n","protected":false},"excerpt":{"rendered":"","protected":false},"author":1,"featured_media":0,"parent":0,"menu_order":0,"comment_status":"closed","ping_status":"closed","template":"","meta":{"footnotes":""},"class_list":["post-7140","page","type-page","status-publish","hentry"],"_links":{"self":[{"href":"https:\/\/ardinart.com\/de\/wp-json\/wp\/v2\/pages\/7140","targetHints":{"allow":["GET"]}}],"collection":[{"href":"https:\/\/ardinart.com\/de\/wp-json\/wp\/v2\/pages"}],"about":[{"href":"https:\/\/ardinart.com\/de\/wp-json\/wp\/v2\/types\/page"}],"author":[{"embeddable":true,"href":"https:\/\/ardinart.com\/de\/wp-json\/wp\/v2\/users\/1"}],"replies":[{"embeddable":true,"href":"https:\/\/ardinart.com\/de\/wp-json\/wp\/v2\/comments?post=7140"}],"version-history":[{"count":0,"href":"https:\/\/ardinart.com\/de\/wp-json\/wp\/v2\/pages\/7140\/revisions"}],"wp:attachment":[{"href":"https:\/\/ardinart.com\/de\/wp-json\/wp\/v2\/media?parent=7140"}],"curies":[{"name":"wp","href":"https:\/\/api.w.org\/{rel}","templated":true}]}}