{"id":8641,"date":"2020-02-11T10:57:42","date_gmt":"2020-02-11T10:57:42","guid":{"rendered":"https:\/\/ardinart.com\/?page_id=8641"},"modified":"2020-02-11T10:58:08","modified_gmt":"2020-02-11T10:58:08","slug":"faq","status":"publish","type":"page","link":"https:\/\/ardinart.com\/de\/faq\/","title":{"rendered":"H\u00e4ufig gestellte Fragen"},"content":{"rendered":"\n\n\t<section class=\"section\" id=\"section_456909352\">\n\t\t<div class=\"section-bg fill\" >\n\t\t\t\t\t\t\t\t\t\n\t\t\t\n\n\t\t<\/div>\n\n\t\t\n\n\t\t<div class=\"section-content relative\">\n\t\t\t\n\n<div class=\"row align-center\"  id=\"row-1267795929\">\n\n\n\t<div id=\"col-1317002699\" class=\"col medium-10 small-12 large-8\"  >\n\t\t\t\t<div class=\"col-inner text-center\"  >\n\t\t\t\n\t\t\t\n\n<h1 style=\"text-align: center;\">H\u00e4ufig gestellte Fragen<\/h1>\n<p>Hier finden Sie Antworten auf Ihre Fragen zu Produkten und Gesch\u00e4ften.<\/p>\n\n\t\t<\/div>\n\t\t\t\t\n<style>\n#col-1317002699 > .col-inner {\n  margin: 0px 0px -40px 0px;\n}\n<\/style>\n\t<\/div>\n\n\t\n\n<\/div>\n<div class=\"row align-center\"  id=\"row-440666174\">\n\n\n\t<div id=\"col-432092285\" class=\"col medium-12 small-12 large-10\"  >\n\t\t\t\t<div class=\"col-inner text-left\"  >\n\t\t\t\n\t\t\t\n\n<div class=\"is-divider divider clearfix\" style=\"margin-top:3em;margin-bottom:3em;max-width:100%;background-color:rgb(9, 14, 29);\"><\/div>\n\n<div class=\"row row-collapse\"  id=\"row-1071295512\">\n\n\n\t<div id=\"col-1109101735\" class=\"col medium-12 small-12 large-4\"  >\n\t\t\t\t<div class=\"col-inner\"  >\n\t\t\t\n\t\t\t\n\n\n\t\t<div class=\"icon-box featured-box icon-box-left text-left\"  style=\"margin:0px 0px 30px 0px;\">\n\t\t\t\t\t<div class=\"icon-box-img\" style=\"width: 60px\">\n\t\t\t\t<div class=\"icon\">\n\t\t\t\t\t<div class=\"icon-inner\" >\n\t\t\t\t\t\t<img loading=\"lazy\" decoding=\"async\" width=\"100\" height=\"125\" src=\"https:\/\/ardinart.com\/wp-content\/uploads\/2019\/10\/noun_users_78729.svg\" class=\"attachment-medium size-medium\" alt=\"\" \/>\t\t\t\t\t<\/div>\n\t\t\t\t<\/div>\n\t\t\t<\/div>\n\t\t\t\t<div class=\"icon-box-text last-reset\">\n\t\t\t\t\t\t\t\t\t\n\n<h3>Mitgliedschaft<\/h3>\n\n\t\t<\/div>\n\t<\/div>\n\t\n\t\n\n\t\t<\/div>\n\t\t\t\t\t<\/div>\n\n\t\n\n\t<div id=\"col-1970616825\" class=\"col medium-12 small-12 large-8\"  >\n\t\t\t\t<div class=\"col-inner text-left\"  >\n\t\t\t\n\t\t\t\n\n<div class=\"accordion\">\n\n\t<div id=\"accordion-2986048154\" class=\"accordion-item\">\n\t\t<a id=\"accordion-2986048154-label\" class=\"accordion-title plain\" href=\"#accordion-item-muss-ich-mitglied-sein,-um-einkaufen-zu-k\u00f6nnen?\" aria-expanded=\"false\" aria-controls=\"accordion-2986048154-content\">\n\t\t\t<button class=\"toggle\" aria-label=\"Umschalten\"><i class=\"icon-angle-down\" aria-hidden=\"true\"><\/i><\/button>\n\t\t\t<span>Muss ich Mitglied sein, um einkaufen zu k\u00f6nnen?<\/span>\n\t\t<\/a>\n\t\t<div id=\"accordion-2986048154-content\" class=\"accordion-inner\" aria-labelledby=\"accordion-2986048154-label\">\n\t\t\t\n\n<p>Ja. Gem\u00e4\u00df den Unternehmensrichtlinien m\u00fcssen Sie Mitglied sein, um in unserem Online-Shop einkaufen zu k\u00f6nnen. Sie k\u00f6nnen sich anmelden, indem Sie auf die Schaltfl\u00e4che \"Anmelden \/ Registrieren\" in der oberen rechten Ecke der Seite klicken.<\/p>\n\n\t\t<\/div>\n\t<\/div>\n\t\n\t<div id=\"accordion-773799795\" class=\"accordion-item\">\n\t\t<a id=\"accordion-773799795-label\" class=\"accordion-title plain\" href=\"#accordion-item-erhalte-ich-nach-der-anmeldung-h\u00e4ufig-e-mails?\" aria-expanded=\"false\" aria-controls=\"accordion-773799795-content\">\n\t\t\t<button class=\"toggle\" aria-label=\"Umschalten\"><i class=\"icon-angle-down\" aria-hidden=\"true\"><\/i><\/button>\n\t\t\t<span>Erhalte ich nach der Anmeldung h\u00e4ufig E-Mails?<\/span>\n\t\t<\/a>\n\t\t<div id=\"accordion-773799795-content\" class=\"accordion-inner\" aria-labelledby=\"accordion-773799795-label\">\n\t\t\t\n\n<p>Sie werden nur \u00fcber den Kauf-, Versand- und Zahlungsvorgang der Produkte in unserem Online-Shop informiert.<\/p>\n\n\t\t<\/div>\n\t<\/div>\n\t\n\t<div id=\"accordion-1696294911\" class=\"accordion-item\">\n\t\t<a id=\"accordion-1696294911-label\" class=\"accordion-title plain\" href=\"#accordion-item-wie-kann-ich-meine-mitgliedsinformationen-aktualisieren?\" aria-expanded=\"false\" aria-controls=\"accordion-1696294911-content\">\n\t\t\t<button class=\"toggle\" aria-label=\"Umschalten\"><i class=\"icon-angle-down\" aria-hidden=\"true\"><\/i><\/button>\n\t\t\t<span>Wie kann ich meine Mitgliedsinformationen aktualisieren?<\/span>\n\t\t<\/a>\n\t\t<div id=\"accordion-1696294911-content\" class=\"accordion-inner\" aria-labelledby=\"accordion-1696294911-label\">\n\t\t\t\n\n<p>Sie k\u00f6nnen Ihre Profil- und Adressinformationen im Bereich \"Kontodetails\" aktualisieren, indem Sie den Mauszeiger auf das Benutzersymbol auf der rechten Seite des<\/p>\n\n\t\t<\/div>\n\t<\/div>\n\t\n\n<\/div>\n\n\t\t<\/div>\n\t\t\t\t\t<\/div>\n\n\t\n\n<\/div>\n<div class=\"is-divider divider clearfix\" style=\"margin-top:3em;margin-bottom:3em;max-width:100%;background-color:rgb(9, 14, 29);\"><\/div>\n\n<div class=\"row row-collapse\"  id=\"row-695808916\">\n\n\n\t<div id=\"col-1683768762\" class=\"col medium-12 small-12 large-4\"  >\n\t\t\t\t<div class=\"col-inner\"  >\n\t\t\t\n\t\t\t\n\n\n\t\t<div class=\"icon-box featured-box icon-box-left text-left\"  style=\"margin:0px 0px 30px 0px;\">\n\t\t\t\t\t<div class=\"icon-box-img\" style=\"width: 60px\">\n\t\t\t\t<div class=\"icon\">\n\t\t\t\t\t<div class=\"icon-inner\" >\n\t\t\t\t\t\t<img decoding=\"async\" src=\"https:\/\/www.flatelements.com\/wp-content\/uploads\/2019\/04\/payment-icon-flatelements.png\" alt=\"\"\/>\t\t\t\t\t<\/div>\n\t\t\t\t<\/div>\n\t\t\t<\/div>\n\t\t\t\t<div class=\"icon-box-text last-reset\">\n\t\t\t\t\t\t\t\t\t\n\n<h3>Zahlung<\/h3>\n\n\t\t<\/div>\n\t<\/div>\n\t\n\t\n\n\t\t<\/div>\n\t\t\t\t\t<\/div>\n\n\t\n\n\t<div id=\"col-1462530393\" class=\"col medium-12 small-12 large-8\"  >\n\t\t\t\t<div class=\"col-inner text-left\"  >\n\t\t\t\n\t\t\t\n\n<div class=\"accordion\">\n\n\t<div id=\"accordion-3316120002\" class=\"accordion-item\">\n\t\t<a id=\"accordion-3316120002-label\" class=\"accordion-title plain\" href=\"#accordion-item-mit-welchen-zahlungsmethoden-kann-ich-bezahlen?\" aria-expanded=\"false\" aria-controls=\"accordion-3316120002-content\">\n\t\t\t<button class=\"toggle\" aria-label=\"Umschalten\"><i class=\"icon-angle-down\" aria-hidden=\"true\"><\/i><\/button>\n\t\t\t<span>Mit welchen Zahlungsmethoden kann ich bezahlen?<\/span>\n\t\t<\/a>\n\t\t<div id=\"accordion-3316120002-content\" class=\"accordion-inner\" aria-labelledby=\"accordion-3316120002-label\">\n\t\t\t\n\n<p>Sie k\u00f6nnen mit Kredit- und Debitkarten aller Banken bezahlen.<\/p>\n\n\t\t<\/div>\n\t<\/div>\n\t\n\t<div id=\"accordion-4084050669\" class=\"accordion-item\">\n\t\t<a id=\"accordion-4084050669-label\" class=\"accordion-title plain\" href=\"#accordion-item-kann-ich-meine-gekauften-kreditkarten-sicher-eingeben?\" aria-expanded=\"false\" aria-controls=\"accordion-4084050669-content\">\n\t\t\t<button class=\"toggle\" aria-label=\"Umschalten\"><i class=\"icon-angle-down\" aria-hidden=\"true\"><\/i><\/button>\n\t\t\t<span>Kann ich meine gekauften Kreditkarten sicher eingeben?<\/span>\n\t\t<\/a>\n\t\t<div id=\"accordion-4084050669-content\" class=\"accordion-inner\" aria-labelledby=\"accordion-4084050669-label\">\n\t\t\t\n\n<p>Auf unserer Website werden alle Kreditkartentransaktionen und -genehmigungen online zwischen Ihnen und der jeweiligen Bank und \u00e4hnlichen Karteninstituten durchgef\u00fchrt, unabh\u00e4ngig von unserem Unternehmen. Informationen wie das \"Passwort\" der Kreditkarte werden von unserem Unternehmen nicht angezeigt und aufgezeichnet. Die \u00dcbertragung dieser Informationen erfolgt mit SSL-basierter 256-Bit-Verschl\u00fcsselungs- und Verschl\u00fcsselungstechnologie. Der Ardinart Store verwendet die Zahlungsmethode iyzico. Hohe Sicherheitsstandards gelten f\u00fcr alle Eink\u00e4ufe auf unserer Website. Dank SSL-Sicherheitszertifikat und 3D Secure-Diensten k\u00f6nnen Sie auf unserer Website frei einkaufen, ohne Ihre Sicherheit zu gef\u00e4hrden.<\/p>\n\n\t\t<\/div>\n\t<\/div>\n\t\n\n<\/div>\n\n\t\t<\/div>\n\t\t\t\t\t<\/div>\n\n\t\n\n<\/div>\n<div class=\"is-divider divider clearfix\" style=\"margin-top:3em;margin-bottom:3em;max-width:100%;background-color:rgb(9, 14, 29);\"><\/div>\n\n<div class=\"row row-collapse\"  id=\"row-1419328049\">\n\n\n\t<div id=\"col-551247240\" class=\"col medium-12 small-12 large-4\"  >\n\t\t\t\t<div class=\"col-inner\"  >\n\t\t\t\n\t\t\t\n\n\n\t\t<div class=\"icon-box featured-box icon-box-left text-left\"  style=\"margin:0px 0px 30px 0px;\">\n\t\t\t\t\t<div class=\"icon-box-img\" style=\"width: 60px\">\n\t\t\t\t<div class=\"icon\">\n\t\t\t\t\t<div class=\"icon-inner\" >\n\t\t\t\t\t\t<img decoding=\"async\" src=\"https:\/\/www.flatelements.com\/wp-content\/uploads\/2019\/04\/shipping-icon-flatelements.png\" alt=\"\"\/>\t\t\t\t\t<\/div>\n\t\t\t\t<\/div>\n\t\t\t<\/div>\n\t\t\t\t<div class=\"icon-box-text last-reset\">\n\t\t\t\t\t\t\t\t\t\n\n<h3>Eingestellt<\/h3>\n\n\t\t<\/div>\n\t<\/div>\n\t\n\t\n\n\t\t<\/div>\n\t\t\t\t\t<\/div>\n\n\t\n\n\t<div id=\"col-2017275128\" class=\"col medium-12 small-12 large-8\"  >\n\t\t\t\t<div class=\"col-inner text-left\"  >\n\t\t\t\n\t\t\t\n\n<div class=\"accordion\">\n\n\t<div id=\"accordion-1384479933\" class=\"accordion-item\">\n\t\t<a id=\"accordion-1384479933-label\" class=\"accordion-title plain\" href=\"#accordion-item-wann-erhalte-ich-meine-bestellung?\" aria-expanded=\"false\" aria-controls=\"accordion-1384479933-content\">\n\t\t\t<button class=\"toggle\" aria-label=\"Umschalten\"><i class=\"icon-angle-down\" aria-hidden=\"true\"><\/i><\/button>\n\t\t\t<span>Wann erhalte ich meine Bestellung?<\/span>\n\t\t<\/a>\n\t\t<div id=\"accordion-1384479933-content\" class=\"accordion-inner\" aria-labelledby=\"accordion-1384479933-label\">\n\t\t\t\n\n<p>Abh\u00e4ngig von der Verf\u00fcgbarkeit des von Ihnen gekauften Produkts, dem Produktions- und Vorbereitungsprozess sowie dem Transport Ihres Produkts variieren die Bedingungen. Produkte wie Holzplatten werden sofort nach dem Produktions- und Produktvorbereitungsprozess (ca. 10 Arbeitstage) versendet. Dieser Vorgang ist bei h\u00f6lzernen Weinregalen schneller. <\/p>\n\n\t\t<\/div>\n\t<\/div>\n\t\n\t<div id=\"accordion-2704127800\" class=\"accordion-item\">\n\t\t<a id=\"accordion-2704127800-label\" class=\"accordion-title plain\" href=\"#accordion-item-was-soll-ich-tun,-um-meinen-ladungsstatus-herauszufinden?\" aria-expanded=\"false\" aria-controls=\"accordion-2704127800-content\">\n\t\t\t<button class=\"toggle\" aria-label=\"Umschalten\"><i class=\"icon-angle-down\" aria-hidden=\"true\"><\/i><\/button>\n\t\t\t<span>Was soll ich tun, um meinen Ladungsstatus herauszufinden?<\/span>\n\t\t<\/a>\n\t\t<div id=\"accordion-2704127800-content\" class=\"accordion-inner\" aria-labelledby=\"accordion-2704127800-label\">\n\t\t\t\n\n<p>Nachdem die Information, dass Ihre Bestellung erfolgreich erstellt wurde, an Ihre E-Mail-Adresse gesendet wurde, beginnt Ihr Produkt sofort mit der Vorbereitung und der Status Ihrer Fracht wird Ihnen per E-Mail gesendet.<\/p>\n\n\t\t<\/div>\n\t<\/div>\n\t\n\t<div id=\"accordion-1897450442\" class=\"accordion-item\">\n\t\t<a id=\"accordion-1897450442-label\" class=\"accordion-title plain\" href=\"#accordion-item-meine-ladung-erreichte-mich-nicht.-was-soll-ich-in-dieser-situation-tun?\" aria-expanded=\"false\" aria-controls=\"accordion-1897450442-content\">\n\t\t\t<button class=\"toggle\" aria-label=\"Umschalten\"><i class=\"icon-angle-down\" aria-hidden=\"true\"><\/i><\/button>\n\t\t\t<span>Meine Ladung erreichte mich nicht. Was soll ich in dieser Situation tun?<\/span>\n\t\t<\/a>\n\t\t<div id=\"accordion-1897450442-content\" class=\"accordion-inner\" aria-labelledby=\"accordion-1897450442-label\">\n\t\t\t\n\n<p>Nachdem Informationen zum Versandstatus Ihres Produkts an Ihre E-Mail-Adresse gesendet wurden. Den Status Ihrer Fracht erfahren Sie auf der Seite Cargo Tracking des Frachtunternehmens. Bei Problemen wie Lieferverz\u00f6gerungen k\u00f6nnen Sie detaillierte Informationen per E-Mail an info@ardinart.com oder telefonisch unter 90 (212) 646 42 66 anfordern.<\/p>\n\n\t\t<\/div>\n\t<\/div>\n\t\n\n<\/div>\n\n\t\t<\/div>\n\t\t\t\t\t<\/div>\n\n\t\n\n<\/div>\n<div class=\"is-divider divider clearfix\" style=\"margin-top:3em;margin-bottom:3em;max-width:100%;background-color:rgb(9, 14, 29);\"><\/div>\n\n<div class=\"row row-collapse\"  id=\"row-1410322259\">\n\n\n\t<div id=\"col-1947646759\" class=\"col medium-12 small-12 large-4\"  >\n\t\t\t\t<div class=\"col-inner\"  >\n\t\t\t\n\t\t\t\n\n\n\t\t<div class=\"icon-box featured-box icon-box-left text-left\"  style=\"margin:0px 0px 30px 0px;\">\n\t\t\t\t\t<div class=\"icon-box-img\" style=\"width: 60px\">\n\t\t\t\t<div class=\"icon\">\n\t\t\t\t\t<div class=\"icon-inner\" >\n\t\t\t\t\t\t<img decoding=\"async\" src=\"https:\/\/www.flatelements.com\/wp-content\/uploads\/2019\/04\/returns-icon-flatelements.png\" alt=\"\"\/>\t\t\t\t\t<\/div>\n\t\t\t\t<\/div>\n\t\t\t<\/div>\n\t\t\t\t<div class=\"icon-box-text last-reset\">\n\t\t\t\t\t\t\t\t\t\n\n<h3>R\u00fcckkehr<\/h3>\n\n\t\t<\/div>\n\t<\/div>\n\t\n\t\n\n\t\t<\/div>\n\t\t\t\t\t<\/div>\n\n\t\n\n\t<div id=\"col-1283073888\" class=\"col medium-12 small-12 large-8\"  >\n\t\t\t\t<div class=\"col-inner text-left\"  >\n\t\t\t\n\t\t\t\n\n<div class=\"accordion\">\n\n\t<div id=\"accordion-1735297283\" class=\"accordion-item\">\n\t\t<a id=\"accordion-1735297283-label\" class=\"accordion-title plain\" href=\"#accordion-item-was-sind-die-r\u00fccknahmebedingungen-f\u00fcr-produkte?\" aria-expanded=\"false\" aria-controls=\"accordion-1735297283-content\">\n\t\t\t<button class=\"toggle\" aria-label=\"Umschalten\"><i class=\"icon-angle-down\" aria-hidden=\"true\"><\/i><\/button>\n\t\t\t<span>Was sind die R\u00fccknahmebedingungen f\u00fcr Produkte?<\/span>\n\t\t<\/a>\n\t\t<div id=\"accordion-1735297283-content\" class=\"accordion-inner\" aria-labelledby=\"accordion-1735297283-label\">\n\t\t\t\n\n<ul>\n<li>Produkte, die von uns falsch bestellt oder falsch geliefert wurden und bei der ersten Verwendung als fehlerhaft befunden wurden, werden innerhalb von 10 - 20 Tagen ab Verkaufsdatum zur\u00fcckgesandt.<\/li>\n<li>Die zur\u00fcckzusendenden Artikel m\u00fcssen in der Originalverpackung mit Standardzubeh\u00f6r unbesch\u00e4digt geliefert werden.<\/li>\n<li>Bei der Bestellung von Holztafeln und modularen Weinregalen aus Holz k\u00f6nnen die an der Wand befestigten oder angebrachten Produkte nicht zur\u00fcckgegeben werden, da sie nicht wieder verwendet werden k\u00f6nnen.<\/li>\n<li>Die Versandkosten f\u00fcr R\u00fccksendungen per Fracht sind vom Kunden zu tragen.<\/li>\n<li>Nachdem Ihre R\u00fccksendung akzeptiert wurde, wird der Rechnungsbetrag an die Kreditkarte \/ Debitkarte zur\u00fcckgeschickt, die Sie innerhalb von 10-20 Werktagen bezahlen.<\/li>\n<\/ul>\n\n\t\t<\/div>\n\t<\/div>\n\t\n\t<div id=\"accordion-3169285890\" class=\"accordion-item\">\n\t\t<a id=\"accordion-3169285890-label\" class=\"accordion-title plain\" href=\"#accordion-item-ich-m\u00f6chte-das-gekaufte-produkt-zur\u00fcckgeben.-was-soll-ich-tun?\" aria-expanded=\"false\" aria-controls=\"accordion-3169285890-content\">\n\t\t\t<button class=\"toggle\" aria-label=\"Umschalten\"><i class=\"icon-angle-down\" aria-hidden=\"true\"><\/i><\/button>\n\t\t\t<span>Ich m\u00f6chte das gekaufte Produkt zur\u00fcckgeben. Was soll ich tun?<\/span>\n\t\t<\/a>\n\t\t<div id=\"accordion-3169285890-content\" class=\"accordion-inner\" aria-labelledby=\"accordion-3169285890-label\">\n\t\t\t\n\n<p>Sie m\u00fcssen uns per E-Mail \u00fcber Ihren R\u00fccksendevorgang informieren, in dem die Qualifikationen unter dem Punkt \"Produktr\u00fccksendebedingungen\" im Fernabsatzvertrag aufgef\u00fchrt sind. Senden Sie Ihr Produkt mit dem Betreff der R\u00fccksendung an das gleiche Frachtunternehmen. Nachdem wir die Fracht erreicht und die erforderlichen R\u00fcckgabeverfahren abgeschlossen haben, beginnt Ihr R\u00fcckgabeprozess und Sie werden \u00fcber den R\u00fcckgabeprozess informiert. <\/p>\n\n\t\t<\/div>\n\t<\/div>\n\t\n\n<\/div>\n\n\t\t<\/div>\n\t\t\t\t\t<\/div>\n\n\t\n\n<\/div>\n<div class=\"is-divider divider clearfix\" style=\"margin-top:3em;margin-bottom:3em;max-width:100%;background-color:rgb(9, 14, 29);\"><\/div>\n\n\t<div id=\"gap-1264117760\" class=\"gap-element clearfix\" style=\"display:block; height:auto;\">\n\t\t\n<style>\n#gap-1264117760 {\n  padding-top: 60px;\n}\n<\/style>\n\t<\/div>\n\t\n\n<div class=\"row row-collapse align-center\"  id=\"row-1893009123\">\n\n\n\t<div id=\"col-1551625033\" class=\"col medium-8 small-12 large-8\"  >\n\t\t\t\t<div class=\"col-inner text-center box-shadow-3 box-shadow-1-hover\"  >\n\t\t\t\n\t\t\t\n\n<h3>Haben Sie noch Fragen?<\/h3>\n<p>Kontaktieren Sie uns noch heute!<\/p>\n<a href=\"#popup-personal-contact\" class=\"button primary reveal-icon\" style=\"border-radius:10px;\">\n\t\t<span>Stellen Sie eine Frage<\/span>\n\t<i class=\"icon-play\" aria-hidden=\"true\"><\/i><\/a>\n\n\n\n\t\t<\/div>\n\t\t\t\t\t<\/div>\n\n\t\n\n\n<style>\n#row-1893009123 > .col > .col-inner {\n  padding: 40px 20px 40px 20px;\n  background-color: rgb(244, 244, 244);\n}\n@media (min-width:550px) {\n  #row-1893009123 > .col > .col-inner {\n    padding: 40px 40px 40px 40px;\n  }\n}\n<\/style>\n<\/div>\n\n\t\t<\/div>\n\t\t\t\t\t<\/div>\n\n\t\n\n<\/div>\n\n\t\t<\/div>\n\n\t\t\n<style>\n#section_456909352 {\n  padding-top: 60px;\n  padding-bottom: 60px;\n}\n<\/style>\n\t<\/section>\n\t\n","protected":false},"excerpt":{"rendered":"","protected":false},"author":1,"featured_media":0,"parent":0,"menu_order":0,"comment_status":"closed","ping_status":"closed","template":"","meta":{"footnotes":""},"class_list":["post-8641","page","type-page","status-publish","hentry"],"_links":{"self":[{"href":"https:\/\/ardinart.com\/de\/wp-json\/wp\/v2\/pages\/8641","targetHints":{"allow":["GET"]}}],"collection":[{"href":"https:\/\/ardinart.com\/de\/wp-json\/wp\/v2\/pages"}],"about":[{"href":"https:\/\/ardinart.com\/de\/wp-json\/wp\/v2\/types\/page"}],"author":[{"embeddable":true,"href":"https:\/\/ardinart.com\/de\/wp-json\/wp\/v2\/users\/1"}],"replies":[{"embeddable":true,"href":"https:\/\/ardinart.com\/de\/wp-json\/wp\/v2\/comments?post=8641"}],"version-history":[{"count":0,"href":"https:\/\/ardinart.com\/de\/wp-json\/wp\/v2\/pages\/8641\/revisions"}],"wp:attachment":[{"href":"https:\/\/ardinart.com\/de\/wp-json\/wp\/v2\/media?parent=8641"}],"curies":[{"name":"wp","href":"https:\/\/api.w.org\/{rel}","templated":true}]}}