{"id":9461,"date":"2021-12-16T12:43:16","date_gmt":"2021-12-16T12:43:16","guid":{"rendered":"https:\/\/ardinart.com\/contact\/"},"modified":"2025-02-25T18:12:19","modified_gmt":"2025-02-25T18:12:19","slug":"contact","status":"publish","type":"page","link":"https:\/\/ardinart.com\/en\/contact\/","title":{"rendered":"Contact"},"content":{"rendered":"\n<div class=\"row row-collapse row-full-width\"  id=\"row-643134011\">\n\n\n\t<div id=\"col-1238167721\" class=\"col small-12 large-12\"  >\n\t\t\t\t<div class=\"col-inner\"  >\n\t\t\t\n\t\t\t\n\n\n\t<section class=\"section\" id=\"section_2048189492\">\n\t\t<div class=\"section-bg fill\" >\n\t\t\t<img loading=\"lazy\" decoding=\"async\" width=\"1200\" height=\"675\" src=\"https:\/\/ardinart.com\/wp-content\/uploads\/2019\/10\/Engraved-Wood-Mock-Up_.jpg\" class=\"bg attachment-original size-original\" alt=\"\" \/>\t\t\t\t\t\t<div class=\"section-bg-overlay absolute fill\"><\/div>\n\t\t\t\n\n\t\t<\/div>\n\n\t\t\n\n\t\t<div class=\"section-content relative\">\n\t\t\t\n\n<div class=\"row row-collapse align-center\" style=\"max-width:\" id=\"row-1028221747\">\n\n\n\t<div id=\"col-513441308\" class=\"col small-12 large-12\"  >\n\t\t\t\t<div class=\"col-inner text-center dark\"  >\n\t\t\t\n\t\t\t\n\n<h1><span style=\"font-size: 250%;\">Contact us<\/span><\/h1>\n<p class=\"lead\"><span style=\"font-size: 120%;\">You can easily reach us using the form below!<\/span><\/p>\n\n\t\t<\/div>\n\t\t\t\t\n<style>\n#col-513441308 > .col-inner {\n  padding: 100px 20px 200px 0px;\n}\n@media (min-width:550px) {\n  #col-513441308 > .col-inner {\n    padding: 100px 0px 200px 0px;\n  }\n}\n<\/style>\n\t<\/div>\n\n\t\n\n<\/div>\n\n\t\t<\/div>\n\n\t\t\n<style>\n#section_2048189492 {\n  padding-top: 0px;\n  padding-bottom: 0px;\n}\n#section_2048189492 .section-bg-overlay {\n  background-color: rgba(0, 0, 0, 0.12);\n}\n#section_2048189492 .section-bg img {\n  object-position: 48% 56%;\n}\n@media (min-width:550px) {\n  #section_2048189492 {\n    padding-top: 0px;\n    padding-bottom: 0px;\n  }\n  #section_2048189492 .section-bg-overlay {\n    background-color: rgba(0, 0, 0, 0.21);\n  }\n}\n@media (min-width:850px) {\n  #section_2048189492 {\n    padding-top: 100px;\n    padding-bottom: 100px;\n  }\n  #section_2048189492 .section-bg-overlay {\n    background-color: rgba(0,0,0,.5);\n  }\n}\n<\/style>\n\t<\/section>\n\t\n\n\t\t<\/div>\n\t\t\t\t\n<style>\n#col-1238167721 > .col-inner {\n  padding: 0px 30px 0px 30px;\n}\n<\/style>\n\t<\/div>\n\n\t\n\n<\/div>\n<div class=\"row row-collapse\" style=\"max-width:1400px\" id=\"row-1310416994\">\n\n\n\t<div id=\"col-844925127\" class=\"col small-12 large-12\"  >\n\t\t\t\t<div class=\"col-inner\" style=\"background-color:rgb(237, 241, 246);\" >\n\t\t\t\n\t\t\t\n\n<div class=\"row row-collapse row-full-width\"  id=\"row-434273496\">\n\n\n\t<div id=\"col-674484543\" class=\"col medium-12 small-12 large-12\"  >\n\t\t\t\t<div class=\"col-inner\"  >\n\t\t\t\n\t\t\t\n\n<h2><span style=\"font-size: 120%;\">Our Contact Addresses<\/span><\/h2>\n\t<div id=\"gap-1275222668\" class=\"gap-element clearfix\" style=\"display:block; height:auto;\">\n\t\t\n<style>\n#gap-1275222668 {\n  padding-top: 20px;\n}\n@media (min-width:550px) {\n  #gap-1275222668 {\n    padding-top: 20px;\n  }\n}\n@media (min-width:850px) {\n  #gap-1275222668 {\n    padding-top: 30px;\n  }\n}\n<\/style>\n\t<\/div>\n\t\n\n\n\t\t<\/div>\n\t\t\t\t\n<style>\n#col-674484543 > .col-inner {\n  padding: 0px 0px 0px 20px;\n}\n<\/style>\n\t<\/div>\n\n\t\n\n\n<style>\n#row-434273496 > .col > .col-inner {\n  padding: 0px 15px 0px 15px;\n}\n<\/style>\n<\/div>\n<div class=\"row row-large row-full-width align-equal\"  id=\"row-1540153665\">\n\n\n\t<div id=\"col-928623108\" class=\"col medium-3 small-12 large-3\"  >\n\t\t\t\t<div class=\"col-inner\"  >\n\t\t\t\n\t\t\t\n\n\n\t\t<div class=\"icon-box featured-box icon-box-top text-left\"  >\n\t\t\t\t\t<div class=\"icon-box-img\" style=\"width: 40px\">\n\t\t\t\t<div class=\"icon\">\n\t\t\t\t\t<div class=\"icon-inner\" style=\"color:rgb(196, 147, 76);\">\n\t\t\t\t\t\t<svg width=\"24\" height=\"24\" viewBox=\"0 0 24 24\" fill=\"none\" xmlns=\"http:\/\/www.w3.org\/2000\/svg\">\n<path fill-rule=\"evenodd\" clip-rule=\"evenodd\" d=\"M3.5 10.3178C3.5 5.71789 7.34388 2 11.9934 2C16.6561 2 20.5 5.71789 20.5 10.3178C20.5 12.6357 19.657 14.7876 18.2695 16.6116C16.7388 18.6235 14.8522 20.3765 12.7285 21.7524C12.2425 22.0704 11.8039 22.0944 11.2704 21.7524C9.13474 20.3765 7.24809 18.6235 5.7305 16.6116C4.34198 14.7876 3.5 12.6357 3.5 10.3178ZM9.19423 10.5768C9.19423 12.1177 10.4517 13.3297 11.9934 13.3297C13.5362 13.3297 14.8058 12.1177 14.8058 10.5768C14.8058 9.0478 13.5362 7.77683 11.9934 7.77683C10.4517 7.77683 9.19423 9.0478 9.19423 10.5768Z\" fill=\"#200E32\"\/>\n<\/svg>\n\t\t\t\t\t<\/div>\n\t\t\t\t<\/div>\n\t\t\t<\/div>\n\t\t\t\t<div class=\"icon-box-text last-reset\">\n\t\t\t\t\t\t\t\t\t\n\n\t<div id=\"text-1008871879\" class=\"text\">\n\t\t\n\n<h3>Address<\/h3>\n<p><span style=\"font-size: 100%;\">\u0130kitelli Osb Mahallesi Marmara Sanayi Sitesi L Blok No: 36-37 \u0130kitelli &#8211; K\u00fc\u00e7\u00fck\u00e7ekmece\/ \u0130STANBUL &#8211; TURKEY<\/span><\/p>\n\t\t\n<style>\n#text-1008871879 {\n  color: rgb(0, 0, 0);\n}\n#text-1008871879 > * {\n  color: rgb(0, 0, 0);\n}\n<\/style>\n\t<\/div>\n\t\n\n\t\t<\/div>\n\t<\/div>\n\t\n\t\n\n\t\t<\/div>\n\t\t\t\t\t<\/div>\n\n\t\n\n\t<div id=\"col-495556227\" class=\"col medium-3 small-12 large-3\"  >\n\t\t\t\t<div class=\"col-inner\"  >\n\t\t\t\n\t\t\t\n\n\n\t\t<div class=\"icon-box featured-box icon-box-top text-left\"  >\n\t\t\t\t\t<div class=\"icon-box-img\" style=\"width: 40px\">\n\t\t\t\t<div class=\"icon\">\n\t\t\t\t\t<div class=\"icon-inner\" style=\"color:rgb(196, 147, 76);\">\n\t\t\t\t\t\t<svg width=\"24\" height=\"24\" viewBox=\"0 0 24 24\" fill=\"none\" xmlns=\"http:\/\/www.w3.org\/2000\/svg\">\n<path d=\"M18.1666 14.3797C17.4949 14.2352 16.9635 14.5471 16.493 14.8195C16.0111 15.1001 15.0949 15.8434 14.5697 15.6532C11.8808 14.5461 9.35189 12.1926 8.25714 9.49291C8.0642 8.95651 8.804 8.03445 9.08259 7.54691C9.35292 7.07496 9.65833 6.53856 9.51904 5.86183C9.39316 5.2537 7.76497 3.18192 7.18923 2.61538C6.80952 2.24115 6.42053 2.03532 6.02123 2.00205C4.51995 1.9376 2.84327 3.94078 2.54921 4.42C1.8125 5.44186 1.81663 6.80157 2.56159 8.45026C4.35693 12.8787 11.1472 19.5618 15.5922 21.4246C16.4125 21.8082 17.1626 22.0005 17.8364 22.0005C18.4957 22.0005 19.0828 21.8165 19.5874 21.4517C19.9681 21.2323 22.0534 19.4724 21.9987 17.9308C21.9657 17.5378 21.7604 17.1449 21.391 16.7644C20.8286 16.1833 18.7702 14.5066 18.1666 14.3797Z\" fill=\"#200E32\"\/>\n<\/svg>\n\t\t\t\t\t<\/div>\n\t\t\t\t<\/div>\n\t\t\t<\/div>\n\t\t\t\t<div class=\"icon-box-text last-reset\">\n\t\t\t\t\t\t\t\t\t\n\n\t<div id=\"text-2841275282\" class=\"text\">\n\t\t\n\n<h3>Phone<\/h3>\n<p><span style=\"font-size: 100%;\">+90 (212) 646 42 66<\/span><\/p>\n\t\t\n<style>\n#text-2841275282 {\n  color: rgb(4, 4, 4);\n}\n#text-2841275282 > * {\n  color: rgb(4, 4, 4);\n}\n<\/style>\n\t<\/div>\n\t\n\n\t\t<\/div>\n\t<\/div>\n\t\n\t\n\n\t\t<\/div>\n\t\t\t\t\t<\/div>\n\n\t\n\n\t<div id=\"col-553886643\" class=\"col medium-3 small-12 large-3\"  >\n\t\t\t\t<div class=\"col-inner\"  >\n\t\t\t\n\t\t\t\n\n\n\t\t<div class=\"icon-box featured-box icon-box-top text-left\"  >\n\t\t\t\t\t<div class=\"icon-box-img\" style=\"width: 40px\">\n\t\t\t\t<div class=\"icon\">\n\t\t\t\t\t<div class=\"icon-inner\" style=\"color:rgb(196, 147, 76);\">\n\t\t\t\t\t\t<svg width=\"24\" height=\"24\" viewBox=\"0 0 24 24\" fill=\"none\" xmlns=\"http:\/\/www.w3.org\/2000\/svg\">\n<path fill-rule=\"evenodd\" clip-rule=\"evenodd\" d=\"M16.9394 3C18.2804 3 19.5704 3.53 20.5194 4.481C21.4694 5.43 22.0004 6.71 22.0004 8.05V15.95C22.0004 18.74 19.7304 21 16.9394 21H7.0604C4.2694 21 2.0004 18.74 2.0004 15.95V8.05C2.0004 5.26 4.2594 3 7.0604 3H16.9394ZM18.5304 9.54L18.6104 9.46C18.8494 9.17 18.8494 8.75 18.5994 8.46C18.4604 8.311 18.2694 8.22 18.0704 8.2C17.8604 8.189 17.6604 8.26 17.5094 8.4L13.0004 12C12.4204 12.481 11.5894 12.481 11.0004 12L6.5004 8.4C6.1894 8.17 5.7594 8.2 5.5004 8.47C5.2304 8.74 5.2004 9.17 5.4294 9.47L5.5604 9.6L10.1104 13.15C10.6704 13.59 11.3494 13.83 12.0604 13.83C12.7694 13.83 13.4604 13.59 14.0194 13.15L18.5304 9.54Z\" fill=\"#200E32\"\/>\n<\/svg>\n\t\t\t\t\t<\/div>\n\t\t\t\t<\/div>\n\t\t\t<\/div>\n\t\t\t\t<div class=\"icon-box-text last-reset\">\n\t\t\t\t\t\t\t\t\t\n\n\t<div id=\"text-262456752\" class=\"text\">\n\t\t\n\n<h3>Email<\/h3>\n<p><span style=\"font-size: 100%;\">bilgi@ardinart.com<\/span><\/p>\n\t\t\n<style>\n#text-262456752 {\n  color: rgb(0, 0, 0);\n}\n#text-262456752 > * {\n  color: rgb(0, 0, 0);\n}\n<\/style>\n\t<\/div>\n\t\n\n\t\t<\/div>\n\t<\/div>\n\t\n\t\n\n\t\t<\/div>\n\t\t\t\t\t<\/div>\n\n\t\n\n\t<div id=\"col-930571142\" class=\"col medium-3 small-12 large-3\"  >\n\t\t\t\t<div class=\"col-inner\"  >\n\t\t\t\n\t\t\t\n\n\n\t\t<div class=\"icon-box featured-box icon-box-top text-left\"  >\n\t\t\t\t\t<div class=\"icon-box-img\" style=\"width: 40px\">\n\t\t\t\t<div class=\"icon\">\n\t\t\t\t\t<div class=\"icon-inner\" style=\"color:rgb(196, 147, 76);\">\n\t\t\t\t\t\t<svg width=\"24\" height=\"24\" viewBox=\"0 0 24 24\" fill=\"none\" xmlns=\"http:\/\/www.w3.org\/2000\/svg\">\n<path d=\"M8.88595 7.16985C9.06891 7.17475 9.27175 7.18465 9.46474 7.61303C9.59271 7.89821 9.80829 8.42321 9.9839 8.85087C10.1206 9.18366 10.233 9.45751 10.2611 9.51356C10.3254 9.64156 10.365 9.78926 10.2809 9.96156C10.271 9.98188 10.2617 10.0013 10.2526 10.02C10.1852 10.16 10.1372 10.2597 10.0237 10.3899C9.97709 10.4435 9.9285 10.5022 9.88008 10.5607C9.79494 10.6636 9.71035 10.7658 9.63785 10.838C9.50924 10.9659 9.37563 11.1039 9.52402 11.3599C9.6725 11.6159 10.1919 12.4579 10.9587 13.1373C11.783 13.8712 12.4998 14.1805 12.8622 14.3368C12.9325 14.3672 12.9895 14.3918 13.0313 14.4126C13.2886 14.5406 13.4419 14.5209 13.5903 14.3486C13.7388 14.1762 14.2334 13.6001 14.4066 13.3441C14.5748 13.0881 14.7479 13.1275 14.9854 13.2161C15.2228 13.3047 16.4892 13.9251 16.7464 14.0531C16.7972 14.0784 16.8448 14.1012 16.8889 14.1224C17.0678 14.2082 17.1895 14.2665 17.2411 14.3535C17.3054 14.4618 17.3054 14.9739 17.0927 15.5746C16.8751 16.1752 15.8263 16.7513 15.3514 16.7956C15.3064 16.7999 15.2617 16.8053 15.2156 16.8108C14.7804 16.8635 14.228 16.9303 12.2596 16.1555C9.83424 15.2018 8.23322 12.8354 7.90953 12.357C7.88398 12.3192 7.86638 12.2932 7.85698 12.2806L7.8515 12.2733C7.70423 12.0762 6.80328 10.8707 6.80328 9.62685C6.80328 8.43682 7.38951 7.81726 7.65689 7.53467C7.67384 7.51676 7.6895 7.50021 7.70366 7.48494C7.94107 7.22895 8.21814 7.16495 8.39125 7.16495C8.56445 7.16495 8.73756 7.16495 8.88595 7.16985Z\" fill=\"black\"\/>\n<path fill-rule=\"evenodd\" clip-rule=\"evenodd\" d=\"M2.18418 21.3314C2.10236 21.6284 2.37285 21.9025 2.6709 21.8247L7.27824 20.6213C8.7326 21.409 10.37 21.8275 12.0371 21.8275H12.0421C17.5281 21.8275 22 17.3815 22 11.9163C22 9.26735 20.966 6.77594 19.0863 4.90491C17.2065 3.03397 14.7084 2 12.042 2C6.55607 2 2.08411 6.44605 2.08411 11.9114C2.08348 13.65 2.5424 15.3582 3.41479 16.8645L2.18418 21.3314ZM4.86092 17.2629C4.96774 16.8752 4.91437 16.4608 4.71281 16.1127C3.97266 14.8348 3.58358 13.3855 3.58411 11.9114C3.58411 7.28158 7.37738 3.5 12.042 3.5C14.3119 3.5 16.4296 4.37698 18.0281 5.96805C19.6248 7.55737 20.5 9.66611 20.5 11.9163C20.5 16.5459 16.7068 20.3275 12.0421 20.3275H12.0371C10.6206 20.3275 9.22863 19.9718 7.99266 19.3023C7.65814 19.1211 7.26726 19.0738 6.89916 19.17L4.13676 19.8915L4.86092 17.2629Z\" fill=\"black\"\/>\n<\/svg>\n\t\t\t\t\t<\/div>\n\t\t\t\t<\/div>\n\t\t\t<\/div>\n\t\t\t\t<div class=\"icon-box-text last-reset\">\n\t\t\t\t\t\t\t\t\t\n\n\t<div id=\"text-2720354869\" class=\"text\">\n\t\t\n\n<h3>Whatsapp<\/h3>\n<p><a href=\"https:\/\/wa.me\/905423273734\" target=\"_blank\" rel=\"noopener\"><span style=\"font-size: 100%;\">+905423273734<\/span><\/a><\/p>\n\t\t\n<style>\n#text-2720354869 {\n  color: rgb(0, 0, 0);\n}\n#text-2720354869 > * {\n  color: rgb(0, 0, 0);\n}\n<\/style>\n\t<\/div>\n\t\n\n\t\t<\/div>\n\t<\/div>\n\t\n\t\n\n\t\t<\/div>\n\t\t\t\t\t<\/div>\n\n\t\n\n<\/div>\n\n\t\t<\/div>\n\t\t\t\t\n<style>\n#col-844925127 > .col-inner {\n  padding: 50px 20px 0px 20px;\n  margin: -0 0px 0px 0px;\n  border-radius: 10px;\n}\n@media (min-width:550px) {\n  #col-844925127 > .col-inner {\n    padding: 50px 20px 30px 20px;\n    margin: 0 0px 0px 0px;\n  }\n}\n@media (min-width:850px) {\n  #col-844925127 > .col-inner {\n    padding: 39px 5% 20px 5%;\n    margin: -135px 0px 41px 0px;\n  }\n}\n<\/style>\n\t<\/div>\n\n\t\n\n<\/div>\n<div class=\"row row-large row-full-width\"  id=\"row-1871765872\">\n\n\n\t<div id=\"col-1178682690\" class=\"col small-12 large-12\"  >\n\t\t\t\t<div class=\"col-inner text-center\"  >\n\t\t\t\n\t\t\t\n\n<div class=\"row row-collapse\" style=\"max-width:1400px\" id=\"row-2022707499\">\n\n\n\t<div id=\"col-328384943\" class=\"col medium-12 small-12 large-12\"  >\n\t\t\t\t<div class=\"col-inner\" style=\"background-color:rgb(237, 241, 246);\" >\n\t\t\t\n\t\t\t\n\n\t<div id=\"gap-1581718\" class=\"gap-element clearfix\" style=\"display:block; height:auto;\">\n\t\t\n<style>\n#gap-1581718 {\n  padding-top: 20px;\n}\n@media (min-width:550px) {\n  #gap-1581718 {\n    padding-top: 20px;\n  }\n}\n@media (min-width:850px) {\n  #gap-1581718 {\n    padding-top: 30px;\n  }\n}\n<\/style>\n\t<\/div>\n\t\n\n\t<div id=\"text-2190242944\" class=\"text\">\n\t\t\n\n<h2><span style=\"font-size: 120%;\">Contact Form<\/span><\/h2>\n\t\t\n<style>\n#text-2190242944 {\n  text-align: center;\n}\n<\/style>\n\t<\/div>\n\t\n\n\n<iframe data-tally-src=\"https:\/\/tally.so\/embed\/3NRQOb?alignLeft=1&#038;hideTitle=1&#038;transparentBackground=1&#038;dynamicHeight=1\" loading=\"lazy\" width=\"100%\" height=\"659\" frameborder=\"0\" marginheight=\"0\" marginwidth=\"0\" title=\"ardinart.com\"><\/iframe>\n<script>var d=document,w=\"https:\/\/tally.so\/widgets\/embed.js\",v=function(){\"undefined\"!=typeof Tally?Tally.loadEmbeds():d.querySelectorAll(\"iframe[data-tally-src]:not([src])\").forEach((function(e){e.src=e.dataset.tallySrc}))};if(\"undefined\"!=typeof Tally)v();else if(d.querySelector('script[src=\"'+w+'\"]')==null){var s=d.createElement(\"script\");s.src=w,s.onload=v,s.onerror=v,d.body.appendChild(s);}<\/script>\n\n<div class=\"row align-right\"  id=\"row-1301360308\">\n\n\n\t<div id=\"col-754373533\" class=\"col medium-4 small-6 large-4\"  >\n\t\t\t\t<div class=\"col-inner\"  >\n\t\t\t\n\t\t\t\n\n<p>\u00a0<\/p>\n\n\n\t\t<\/div>\n\t\t\t\t\n<style>\n#col-754373533 > .col-inner {\n  padding: 63px 0px 25px 0px;\n  margin: -76px 0px 0px 8px;\n}\n@media (min-width:550px) {\n  #col-754373533 > .col-inner {\n    margin: -76px 0px 0px 35px;\n  }\n}\n<\/style>\n\t<\/div>\n\n\t\n\n\n<style>\n#row-1301360308 > .col > .col-inner {\n  background-color: rgb(237, 241, 246);\n}\n<\/style>\n<\/div>\n\t<div id=\"gap-959723537\" class=\"gap-element clearfix\" style=\"display:block; height:auto;\">\n\t\t\n<style>\n#gap-959723537 {\n  padding-top: 20px;\n}\n@media (min-width:550px) {\n  #gap-959723537 {\n    padding-top: 20px;\n  }\n}\n@media (min-width:850px) {\n  #gap-959723537 {\n    padding-top: 30px;\n  }\n}\n<\/style>\n\t<\/div>\n\t\n\n\n\t\t<\/div>\n\t\t\t\t\n<style>\n#col-328384943 > .col-inner {\n  padding: 0px 10px 10px 10px;\n  margin: 0px 0px 29px 0px;\n  border-radius: 10px;\n}\n<\/style>\n\t<\/div>\n\n\t\n\n\n<style>\n#row-2022707499 > .col > .col-inner {\n  padding: 0px 15px 0px 15px;\n}\n<\/style>\n<\/div>\n<p><iframe src=\"https:\/\/www.google.com\/maps\/embed?pb=!1m14!1m8!1m3!1d12033.527816614946!2d28.7945277!3d41.0606429!3m2!1i1024!2i768!4f13.1!3m3!1m2!1s0x0%3A0x2e390f2e01a5c248!2sArdinart!5e0!3m2!1str!2str!4v1639475126162!5m2!1str!2str\" width=\"100%\" height=\"450\" style=\"border:0;\" allowfullscreen=\"\" loading=\"lazy\"><\/iframe><\/p>\n\n\t\t<\/div>\n\t\t\t\t\n<style>\n#col-1178682690 > .col-inner {\n  padding: 0px 0px 0px 0px;\n}\n<\/style>\n\t<\/div>\n\n\t\n\n<\/div>\n\n","protected":false},"excerpt":{"rendered":"","protected":false},"author":1,"featured_media":0,"parent":0,"menu_order":0,"comment_status":"closed","ping_status":"closed","template":"page-blank.php","meta":{"footnotes":""},"class_list":["post-9461","page","type-page","status-publish","hentry"],"_links":{"self":[{"href":"https:\/\/ardinart.com\/en\/wp-json\/wp\/v2\/pages\/9461","targetHints":{"allow":["GET"]}}],"collection":[{"href":"https:\/\/ardinart.com\/en\/wp-json\/wp\/v2\/pages"}],"about":[{"href":"https:\/\/ardinart.com\/en\/wp-json\/wp\/v2\/types\/page"}],"author":[{"embeddable":true,"href":"https:\/\/ardinart.com\/en\/wp-json\/wp\/v2\/users\/1"}],"replies":[{"embeddable":true,"href":"https:\/\/ardinart.com\/en\/wp-json\/wp\/v2\/comments?post=9461"}],"version-history":[{"count":4,"href":"https:\/\/ardinart.com\/en\/wp-json\/wp\/v2\/pages\/9461\/revisions"}],"predecessor-version":[{"id":10229,"href":"https:\/\/ardinart.com\/en\/wp-json\/wp\/v2\/pages\/9461\/revisions\/10229"}],"wp:attachment":[{"href":"https:\/\/ardinart.com\/en\/wp-json\/wp\/v2\/media?parent=9461"}],"curies":[{"name":"wp","href":"https:\/\/api.w.org\/{rel}","templated":true}]}}